{"id":985,"date":"2021-02-25T12:03:26","date_gmt":"2021-02-25T12:03:26","guid":{"rendered":"https:\/\/www.fabrikaestudio.com.mialias.net\/?page_id=985"},"modified":"2021-09-28T17:56:52","modified_gmt":"2021-09-28T17:56:52","slug":"servicios","status":"publish","type":"page","link":"https:\/\/www.fabrikaestudio.com\/de\/servicios\/","title":{"rendered":"Servicios"},"content":{"rendered":"<div data-elementor-type=\"wp-page\" data-elementor-id=\"985\" class=\"elementor elementor-985\" data-elementor-post-type=\"page\">\n\t\t\t\t\t\t\t\t\t<section class=\"elementor-section elementor-top-section elementor-element elementor-element-56172910 elementor-section-boxed elementor-section-height-default elementor-section-height-default\" data-id=\"56172910\" data-element_type=\"section\" data-settings=\"{&quot;jet_parallax_layout_list&quot;:[{&quot;jet_parallax_layout_image&quot;:{&quot;url&quot;:&quot;&quot;,&quot;id&quot;:&quot;&quot;,&quot;size&quot;:&quot;&quot;},&quot;_id&quot;:&quot;4200b6e&quot;,&quot;jet_parallax_layout_image_tablet&quot;:{&quot;url&quot;:&quot;&quot;,&quot;id&quot;:&quot;&quot;,&quot;size&quot;:&quot;&quot;},&quot;jet_parallax_layout_image_mobile&quot;:{&quot;url&quot;:&quot;&quot;,&quot;id&quot;:&quot;&quot;,&quot;size&quot;:&quot;&quot;},&quot;jet_parallax_layout_speed&quot;:{&quot;unit&quot;:&quot;%&quot;,&quot;size&quot;:50,&quot;sizes&quot;:[]},&quot;jet_parallax_layout_type&quot;:&quot;scroll&quot;,&quot;jet_parallax_layout_direction&quot;:null,&quot;jet_parallax_layout_fx_direction&quot;:null,&quot;jet_parallax_layout_z_index&quot;:&quot;&quot;,&quot;jet_parallax_layout_bg_x&quot;:50,&quot;jet_parallax_layout_bg_x_tablet&quot;:&quot;&quot;,&quot;jet_parallax_layout_bg_x_mobile&quot;:&quot;&quot;,&quot;jet_parallax_layout_bg_y&quot;:50,&quot;jet_parallax_layout_bg_y_tablet&quot;:&quot;&quot;,&quot;jet_parallax_layout_bg_y_mobile&quot;:&quot;&quot;,&quot;jet_parallax_layout_bg_size&quot;:&quot;auto&quot;,&quot;jet_parallax_layout_bg_size_tablet&quot;:&quot;&quot;,&quot;jet_parallax_layout_bg_size_mobile&quot;:&quot;&quot;,&quot;jet_parallax_layout_animation_prop&quot;:&quot;transform&quot;,&quot;jet_parallax_layout_on&quot;:[&quot;desktop&quot;,&quot;tablet&quot;]}]}\">\n\t\t\t\t\t\t<div class=\"elementor-container elementor-column-gap-default\">\n\t\t\t\t\t<div class=\"elementor-column elementor-col-100 elementor-top-column elementor-element elementor-element-4c2f509c\" data-id=\"4c2f509c\" data-element_type=\"column\">\n\t\t\t<div class=\"elementor-widget-wrap elementor-element-populated\">\n\t\t\t\t\t\t\t\t<div class=\"elementor-element elementor-element-34443329 elementor-widget elementor-widget-text-editor\" data-id=\"34443329\" data-element_type=\"widget\" data-widget_type=\"text-editor.default\">\n\t\t\t\t<div class=\"elementor-widget-container\">\n\t\t\t\t\t\t\t<p><!-- wp:heading {\"level\":3} --><\/p>\n<h3>Trabajamos para y con la clientela, tratando en cada proyecto de formar equipo y propiciar que el encargo y su proceso se conviertan en una experiencia rica,<\/h3>\n<p><!-- \/wp:heading --><\/p>\n<p><!-- wp:paragraph --><\/p>\n<p>tratando de consolidar el equipo desde el inicio (integrado por clientes y t\u00e9cnicos), en estrecha colaboraci\u00f3n, codo con codo. Funcionando de forma coordinada, donde se asuma un compromiso, por ambas partes, el cual se basa  principalmente en dos condiciones: <\/p>\n<p><!-- \/wp:paragraph --><\/p>\n<p><!-- wp:paragraph --><\/p>\n<p>La primera, que la clientela, decida y comunique lo esencial del encargo,  confiando en el equipo y en la direcci\u00f3n del mismo, procurando la apertura hacia la b\u00fasqueda de las mejores soluciones. <\/p>\n<p><!-- \/wp:paragraph --><\/p>\n<p><!-- wp:paragraph --><\/p>\n<p>La segunda, que el equipo y el arquitecto como director del mismo, adem\u00e1s de decidir en las cuestiones t\u00e9cnicas esenciales, procure la misma apertura hacia las mejores soluciones, que por encima de todo, satisfagan las necesidades de la clientela, priorizando: seguridad, viabilidad, econom\u00eda y funcionalidad.<\/p>\n<p><!-- \/wp:paragraph --><\/p>\n<p><!-- wp:paragraph --><\/p>\n<p><!-- \/wp:paragraph --><\/p>\n<p><!-- wp:paragraph --><\/p>\n<p><!-- \/wp:paragraph --><\/p>\n<p><!-- wp:heading {\"level\":3} --><\/p>\n<h3>Colaboraci\u00f3n multidisciplinar<\/h3>\n<p><!-- \/wp:heading --><\/p>\n<p><!-- wp:paragraph --><\/p>\n<p>creemos en los equipos multidisciplinares, como la f\u00f3rmula m\u00e1s eficaz y enriquecedora, para el desarrollo de nuestro trabajo, apostando por una buena coordinaci\u00f3n de los equipos y respeto hacia cada parcela profesional.<\/p>\n<p><!-- \/wp:paragraph --><\/p>\n<p><!-- wp:heading {\"level\":3} --><\/p>\n<h3><br><\/h3>\n<p><!-- \/wp:heading --><\/p>\t\t\t\t\t\t<\/div>\n\t\t\t\t<\/div>\n\t\t\t\t\t<\/div>\n\t\t<\/div>\n\t\t\t\t\t\t\t<\/div>\n\t\t<\/section>\n\t\t\t\t\t\t\t<\/div>","protected":false},"excerpt":{"rendered":"<p>Trabajamos para y con la clientela, tratando en cada proyecto de formar equipo y propiciar que el encargo y su proceso se conviertan en una experiencia rica, tratando de consolidar el equipo desde el inicio (integrado por clientes y t\u00e9cnicos), en estrecha colaboraci\u00f3n, codo con codo. Funcionando de forma coordinada, donde se asuma un compromiso, [&hellip;]<\/p>","protected":false},"author":1,"featured_media":96,"parent":0,"menu_order":0,"comment_status":"closed","ping_status":"closed","template":"","meta":{"footnotes":""},"_links":{"self":[{"href":"https:\/\/www.fabrikaestudio.com\/de\/wp-json\/wp\/v2\/pages\/985"}],"collection":[{"href":"https:\/\/www.fabrikaestudio.com\/de\/wp-json\/wp\/v2\/pages"}],"about":[{"href":"https:\/\/www.fabrikaestudio.com\/de\/wp-json\/wp\/v2\/types\/page"}],"author":[{"embeddable":true,"href":"https:\/\/www.fabrikaestudio.com\/de\/wp-json\/wp\/v2\/users\/1"}],"replies":[{"embeddable":true,"href":"https:\/\/www.fabrikaestudio.com\/de\/wp-json\/wp\/v2\/comments?post=985"}],"version-history":[{"count":18,"href":"https:\/\/www.fabrikaestudio.com\/de\/wp-json\/wp\/v2\/pages\/985\/revisions"}],"predecessor-version":[{"id":1540,"href":"https:\/\/www.fabrikaestudio.com\/de\/wp-json\/wp\/v2\/pages\/985\/revisions\/1540"}],"wp:featuredmedia":[{"embeddable":true,"href":"https:\/\/www.fabrikaestudio.com\/de\/wp-json\/wp\/v2\/media\/96"}],"wp:attachment":[{"href":"https:\/\/www.fabrikaestudio.com\/de\/wp-json\/wp\/v2\/media?parent=985"}],"curies":[{"name":"wp","href":"https:\/\/api.w.org\/{rel}","templated":true}]}}