{"id":617,"date":"2021-02-09T11:26:45","date_gmt":"2021-02-09T11:26:45","guid":{"rendered":"https:\/\/www.fabrikaestudio.com.mialias.net\/?page_id=617"},"modified":"2021-09-28T17:53:07","modified_gmt":"2021-09-28T17:53:07","slug":"estudio","status":"publish","type":"page","link":"https:\/\/www.fabrikaestudio.com\/de\/estudio\/","title":{"rendered":"Estudio"},"content":{"rendered":"<div data-elementor-type=\"wp-page\" data-elementor-id=\"617\" class=\"elementor elementor-617\" data-elementor-post-type=\"page\">\n\t\t\t\t\t\t\t\t\t<section class=\"elementor-section elementor-top-section elementor-element elementor-element-1926b5e9 elementor-section-boxed elementor-section-height-default elementor-section-height-default\" data-id=\"1926b5e9\" data-element_type=\"section\" data-settings=\"{&quot;jet_parallax_layout_list&quot;:[{&quot;jet_parallax_layout_image&quot;:{&quot;url&quot;:&quot;&quot;,&quot;id&quot;:&quot;&quot;,&quot;size&quot;:&quot;&quot;},&quot;_id&quot;:&quot;f1d0a99&quot;,&quot;jet_parallax_layout_image_tablet&quot;:{&quot;url&quot;:&quot;&quot;,&quot;id&quot;:&quot;&quot;,&quot;size&quot;:&quot;&quot;},&quot;jet_parallax_layout_image_mobile&quot;:{&quot;url&quot;:&quot;&quot;,&quot;id&quot;:&quot;&quot;,&quot;size&quot;:&quot;&quot;},&quot;jet_parallax_layout_speed&quot;:{&quot;unit&quot;:&quot;%&quot;,&quot;size&quot;:50,&quot;sizes&quot;:[]},&quot;jet_parallax_layout_type&quot;:&quot;scroll&quot;,&quot;jet_parallax_layout_direction&quot;:null,&quot;jet_parallax_layout_fx_direction&quot;:null,&quot;jet_parallax_layout_z_index&quot;:&quot;&quot;,&quot;jet_parallax_layout_bg_x&quot;:50,&quot;jet_parallax_layout_bg_x_tablet&quot;:&quot;&quot;,&quot;jet_parallax_layout_bg_x_mobile&quot;:&quot;&quot;,&quot;jet_parallax_layout_bg_y&quot;:50,&quot;jet_parallax_layout_bg_y_tablet&quot;:&quot;&quot;,&quot;jet_parallax_layout_bg_y_mobile&quot;:&quot;&quot;,&quot;jet_parallax_layout_bg_size&quot;:&quot;auto&quot;,&quot;jet_parallax_layout_bg_size_tablet&quot;:&quot;&quot;,&quot;jet_parallax_layout_bg_size_mobile&quot;:&quot;&quot;,&quot;jet_parallax_layout_animation_prop&quot;:&quot;transform&quot;,&quot;jet_parallax_layout_on&quot;:[&quot;desktop&quot;,&quot;tablet&quot;]}]}\">\n\t\t\t\t\t\t<div class=\"elementor-container elementor-column-gap-default\">\n\t\t\t\t\t<div class=\"elementor-column elementor-col-100 elementor-top-column elementor-element elementor-element-43276847\" data-id=\"43276847\" data-element_type=\"column\">\n\t\t\t<div class=\"elementor-widget-wrap elementor-element-populated\">\n\t\t\t\t\t\t\t\t<div class=\"elementor-element elementor-element-585b9e1c elementor-widget elementor-widget-text-editor\" data-id=\"585b9e1c\" data-element_type=\"widget\" data-widget_type=\"text-editor.default\">\n\t\t\t\t<div class=\"elementor-widget-container\">\n\t\t\t\t\t\t\t<p><!-- wp:paragraph --><\/p>\n<p>fabr\u00edka estudio, nace como firma y concepto en el <strong>a\u00f1o 2000<\/strong>, en una estancia profesional en la ciudad de <strong>Rotterdam<\/strong> (Pa\u00edses Bajos), inspirada por la gran presencia y relevancia de la arquitectura industrial y fabril. Poniendo en valor la arqueolog\u00eda industrial como una parte del patrimonio cultural y arquitect\u00f3nico, al ser rehabilitada y reutilizada.&nbsp;<\/p>\n<p><!-- \/wp:paragraph --><!-- wp:paragraph --><\/p>\n<p>Otra gran influencia all\u00ed fue, la gran actividad e innovaci\u00f3n en arquitectura, paisajismo y urbanismo , que se encontraba en ebullici\u00f3n, destacando internacionalmente, con varios estudios a la cabeza, desde finales del siglo 20 y durante el inicio del siglo 21.&nbsp;<\/p>\n<p><!-- \/wp:paragraph --><!-- wp:paragraph --><\/p>\n<p><!-- \/wp:paragraph --><!-- wp:gallery {\"ids\":[1446,1451],\"linkTo\":\"none\"} --><\/p>\n<figure class=\"wp-block-gallery columns-2 is-cropped\">\n<ul class=\"blocks-gallery-grid\">\n<li class=\"blocks-gallery-item\">\n<figure><img decoding=\"async\" loading=\"lazy\" width=\"1024\" height=\"683\" class=\"wp-image-1446\" src=\"https:\/\/www.fabrikaestudio.com\/wp-content\/uploads\/2021\/07\/IMG_6779-1024x683.jpg\" alt=\"\" data-id=\"1446\" data-link=\"https:\/\/www.fabrikaestudio.com\/estudio\/img_6779\/\" srcset=\"https:\/\/www.fabrikaestudio.com\/wp-content\/uploads\/2021\/07\/IMG_6779-1024x683.jpg 1024w, https:\/\/www.fabrikaestudio.com\/wp-content\/uploads\/2021\/07\/IMG_6779-300x200.jpg 300w, https:\/\/www.fabrikaestudio.com\/wp-content\/uploads\/2021\/07\/IMG_6779-768x512.jpg 768w, https:\/\/www.fabrikaestudio.com\/wp-content\/uploads\/2021\/07\/IMG_6779-1536x1024.jpg 1536w, https:\/\/www.fabrikaestudio.com\/wp-content\/uploads\/2021\/07\/IMG_6779-2048x1365.jpg 2048w, https:\/\/www.fabrikaestudio.com\/wp-content\/uploads\/2021\/07\/IMG_6779-16x12.jpg 16w\" sizes=\"(max-width: 1024px) 100vw, 1024px\" \/><\/figure>\n<\/li>\n<li class=\"blocks-gallery-item\">\n<figure><img decoding=\"async\" loading=\"lazy\" width=\"1024\" height=\"686\" class=\"wp-image-1451\" src=\"https:\/\/www.fabrikaestudio.com\/wp-content\/uploads\/2021\/07\/Captura26-1024x686.jpg\" alt=\"\" data-id=\"1451\" data-full-url=\"https:\/\/www.fabrikaestudio.com\/wp-content\/uploads\/2021\/07\/Captura26.jpg\" data-link=\"https:\/\/www.fabrikaestudio.com\/estudio\/captura26-2\/\" srcset=\"https:\/\/www.fabrikaestudio.com\/wp-content\/uploads\/2021\/07\/Captura26-1024x686.jpg 1024w, https:\/\/www.fabrikaestudio.com\/wp-content\/uploads\/2021\/07\/Captura26-300x201.jpg 300w, https:\/\/www.fabrikaestudio.com\/wp-content\/uploads\/2021\/07\/Captura26-768x514.jpg 768w, https:\/\/www.fabrikaestudio.com\/wp-content\/uploads\/2021\/07\/Captura26-1536x1028.jpg 1536w, https:\/\/www.fabrikaestudio.com\/wp-content\/uploads\/2021\/07\/Captura26-16x12.jpg 16w, https:\/\/www.fabrikaestudio.com\/wp-content\/uploads\/2021\/07\/Captura26.jpg 1613w\" sizes=\"(max-width: 1024px) 100vw, 1024px\" \/><\/figure>\n<\/li>\n<\/ul>\n<\/figure>\n<p><!-- \/wp:gallery --><!-- wp:paragraph --><\/p>\n<p>Como estudio y empresa, comenzamos nuestra actividad oficialmente en Espa\u00f1a en el a\u00f1o 2003, en las Islas Canarias, dedic\u00e1ndonos a la arquitectura y todas sus ramas principales. Radicados&nbsp; principalmente en Las Palmas de Gran Canaria y tambi\u00e9n en la isla de La Palma. Destacando el campo de <strong>proyectos y obras<\/strong> de&nbsp;<strong>arquitectura<\/strong>, el dise\u00f1o de<strong> interiorismo<\/strong>, <strong>el paisajismo y el urbanismo<\/strong>.<\/p>\n<p><!-- \/wp:paragraph --><!-- wp:paragraph --><\/p>\n<p>Otra rama importante de la actividad del estudio, es nuestra labor como <strong>peritos<\/strong>, con una experiencia de m\u00e1s de 15 a\u00f1os en el sector. Tambi\u00e9n realizamos <strong>valoraciones y tasaciones inmobiliarias<\/strong>, como otro campo de la actividad del estudio. Y por \u00faltimo, ofrecemos otros servicios t\u00e9cnicos, como <strong>certificados, asesoramiento t\u00e9cnico, inmobiliario e intervenciones puntuales en <strong>proyectos socio-culturales<\/strong><\/strong>.<\/p>\n<p><!-- \/wp:paragraph --><!-- wp:gallery {\"ids\":[145,143,1449,1450,1452],\"linkTo\":\"none\"} --><\/p>\n<figure class=\"wp-block-gallery columns-3 is-cropped\">\n<ul class=\"blocks-gallery-grid\">\n<li class=\"blocks-gallery-item\">\n<figure><img decoding=\"async\" loading=\"lazy\" width=\"1024\" height=\"682\" class=\"wp-image-145\" src=\"https:\/\/www.fabrikaestudio.com\/wp-content\/uploads\/2021\/01\/FundAUT-100-1024x682.jpg\" alt=\"\" data-id=\"145\" data-link=\"https:\/\/www.fabrikaestudio.com\/proyectos\/reforma-de-sede-de-fundacion-de-arte-auteide\/fundaut-100\/\" srcset=\"https:\/\/www.fabrikaestudio.com\/wp-content\/uploads\/2021\/01\/FundAUT-100-1024x682.jpg 1024w, https:\/\/www.fabrikaestudio.com\/wp-content\/uploads\/2021\/01\/FundAUT-100-300x200.jpg 300w, https:\/\/www.fabrikaestudio.com\/wp-content\/uploads\/2021\/01\/FundAUT-100-768x511.jpg 768w, https:\/\/www.fabrikaestudio.com\/wp-content\/uploads\/2021\/01\/FundAUT-100-1536x1023.jpg 1536w, https:\/\/www.fabrikaestudio.com\/wp-content\/uploads\/2021\/01\/FundAUT-100-2048x1363.jpg 2048w\" sizes=\"(max-width: 1024px) 100vw, 1024px\" \/><\/figure>\n<\/li>\n<li class=\"blocks-gallery-item\">\n<figure><img decoding=\"async\" loading=\"lazy\" width=\"1024\" height=\"682\" class=\"wp-image-143\" src=\"https:\/\/www.fabrikaestudio.com\/wp-content\/uploads\/2021\/01\/FundAUT-94-1024x682.jpg\" alt=\"\" data-id=\"143\" data-link=\"https:\/\/www.fabrikaestudio.com\/proyectos\/reforma-de-sede-de-fundacion-de-arte-auteide\/fundaut-94\/\" srcset=\"https:\/\/www.fabrikaestudio.com\/wp-content\/uploads\/2021\/01\/FundAUT-94-1024x682.jpg 1024w, https:\/\/www.fabrikaestudio.com\/wp-content\/uploads\/2021\/01\/FundAUT-94-300x200.jpg 300w, https:\/\/www.fabrikaestudio.com\/wp-content\/uploads\/2021\/01\/FundAUT-94-768x511.jpg 768w, https:\/\/www.fabrikaestudio.com\/wp-content\/uploads\/2021\/01\/FundAUT-94-1536x1023.jpg 1536w, https:\/\/www.fabrikaestudio.com\/wp-content\/uploads\/2021\/01\/FundAUT-94-2048x1363.jpg 2048w\" sizes=\"(max-width: 1024px) 100vw, 1024px\" \/><\/figure>\n<\/li>\n<li class=\"blocks-gallery-item\">\n<figure><img decoding=\"async\" loading=\"lazy\" width=\"1024\" height=\"765\" class=\"wp-image-1449\" src=\"https:\/\/www.fabrikaestudio.com\/wp-content\/uploads\/2021\/07\/IMG_3120-1024x765.jpg\" alt=\"\" data-id=\"1449\" data-link=\"https:\/\/www.fabrikaestudio.com\/estudio\/img_3120-3\/\" srcset=\"https:\/\/www.fabrikaestudio.com\/wp-content\/uploads\/2021\/07\/IMG_3120-1024x765.jpg 1024w, https:\/\/www.fabrikaestudio.com\/wp-content\/uploads\/2021\/07\/IMG_3120-300x224.jpg 300w, https:\/\/www.fabrikaestudio.com\/wp-content\/uploads\/2021\/07\/IMG_3120-768x574.jpg 768w, https:\/\/www.fabrikaestudio.com\/wp-content\/uploads\/2021\/07\/IMG_3120-1536x1147.jpg 1536w, https:\/\/www.fabrikaestudio.com\/wp-content\/uploads\/2021\/07\/IMG_3120-2048x1530.jpg 2048w, https:\/\/www.fabrikaestudio.com\/wp-content\/uploads\/2021\/07\/IMG_3120-16x12.jpg 16w\" sizes=\"(max-width: 1024px) 100vw, 1024px\" \/><\/figure>\n<\/li>\n<li class=\"blocks-gallery-item\">\n<figure><img decoding=\"async\" loading=\"lazy\" width=\"1024\" height=\"682\" class=\"wp-image-1450\" src=\"https:\/\/www.fabrikaestudio.com\/wp-content\/uploads\/2021\/07\/Captura38-1024x682.jpg\" alt=\"\" data-id=\"1450\" data-link=\"https:\/\/www.fabrikaestudio.com\/estudio\/captura38-2\/\" srcset=\"https:\/\/www.fabrikaestudio.com\/wp-content\/uploads\/2021\/07\/Captura38-1024x682.jpg 1024w, https:\/\/www.fabrikaestudio.com\/wp-content\/uploads\/2021\/07\/Captura38-300x200.jpg 300w, https:\/\/www.fabrikaestudio.com\/wp-content\/uploads\/2021\/07\/Captura38-768x512.jpg 768w, https:\/\/www.fabrikaestudio.com\/wp-content\/uploads\/2021\/07\/Captura38-1536x1023.jpg 1536w, https:\/\/www.fabrikaestudio.com\/wp-content\/uploads\/2021\/07\/Captura38-16x12.jpg 16w, https:\/\/www.fabrikaestudio.com\/wp-content\/uploads\/2021\/07\/Captura38.jpg 1617w\" sizes=\"(max-width: 1024px) 100vw, 1024px\" \/><\/figure>\n<\/li>\n<li class=\"blocks-gallery-item\">\n<figure><img decoding=\"async\" loading=\"lazy\" width=\"1024\" height=\"768\" class=\"wp-image-1452\" src=\"https:\/\/www.fabrikaestudio.com\/wp-content\/uploads\/2021\/07\/IMG_4135-1024x768.jpg\" alt=\"\" data-id=\"1452\" data-full-url=\"https:\/\/www.fabrikaestudio.com\/wp-content\/uploads\/2021\/07\/IMG_4135-scaled.jpg\" data-link=\"https:\/\/www.fabrikaestudio.com\/estudio\/img_4135-2\/\" srcset=\"https:\/\/www.fabrikaestudio.com\/wp-content\/uploads\/2021\/07\/IMG_4135-1024x768.jpg 1024w, https:\/\/www.fabrikaestudio.com\/wp-content\/uploads\/2021\/07\/IMG_4135-300x225.jpg 300w, https:\/\/www.fabrikaestudio.com\/wp-content\/uploads\/2021\/07\/IMG_4135-768x576.jpg 768w, https:\/\/www.fabrikaestudio.com\/wp-content\/uploads\/2021\/07\/IMG_4135-1536x1152.jpg 1536w, https:\/\/www.fabrikaestudio.com\/wp-content\/uploads\/2021\/07\/IMG_4135-2048x1536.jpg 2048w, https:\/\/www.fabrikaestudio.com\/wp-content\/uploads\/2021\/07\/IMG_4135-16x12.jpg 16w\" sizes=\"(max-width: 1024px) 100vw, 1024px\" \/><\/figure>\n<\/li>\n<\/ul>\n<\/figure>\n<p><!-- \/wp:gallery --><!-- wp:paragraph --><\/p>\n<p>Unos de nuestros valores principales es la importancia que damos al <strong>PAISAJE y al TERRITORIO<\/strong>. Influy\u00e9ndonos de tal manera, que como<strong> concepto,<\/strong> entendemos que debemos <strong>pensar desde dicho paisaje\/territorio, <\/strong>y estudiar la manera de que \u00e9ste <strong>penetre en nuestras ciudades (o urbanismo) a trav\u00e9s de la herramienta id\u00f3nea: EL PAISAJISMO<\/strong>.<\/p>\n<p><!-- \/wp:paragraph --><!-- wp:paragraph --><\/p>\n<p>Asimismo, consideramos prioritario un <strong>entendimiento sensato y respetuoso de nuestro papel en este planeta <\/strong>, de tal modo, que mediante el<strong> DESARROLLO SOSTENIBLE,<\/strong> logremos actuaciones <strong>respetuosas con el MEDIO AMBIENTE<\/strong>. Por ello, nos interesan todas aquellas iniciativas e intervenciones que tienen que ver con la <strong>arquitectura pasiva (pasive architectrue\/pasive houses), permacultura, arquitectura sostenible, bioclim\u00e1tica, ecol\u00f3gica, el agroturismo, el ecoturismo, la agricultura ecol\u00f3gica, etc. Green cities, y en definitiva apostamos por pueblos y ciudades sostenibles dentro de una idea de planeta hacia un modelo m\u00e1s equilibrado y por tanto saludable.<\/strong><\/p>\n<p><!-- \/wp:paragraph --><!-- wp:paragraph --><\/p>\n<p>Otro de nuestros valores m\u00e1s importantes, es el <strong>COMPROMISO SOCIAL<\/strong>, para ello, humildemente y en la medida de nuestras posibilidades, nos hemos involucrado en algunos proyectos e iniciativas, en la b\u00fasqueda de objetivos para mejoras sociales y\/o culturales, principalmente. Mostramos alg\u00fan ejemplo, en la rama <strong>SOCIO-CULTURAL<\/strong> de nuestro trabajo, expuesto en esta web.<\/p>\n<p><!-- \/wp:paragraph --><\/p>\t\t\t\t\t\t<\/div>\n\t\t\t\t<\/div>\n\t\t\t\t\t<\/div>\n\t\t<\/div>\n\t\t\t\t\t\t\t<\/div>\n\t\t<\/section>\n\t\t\t\t\t\t\t<\/div>","protected":false},"excerpt":{"rendered":"<p>fabr\u00edka estudio, nace como firma y concepto en el a\u00f1o 2000, en una estancia profesional en la ciudad de Rotterdam (Pa\u00edses Bajos), inspirada por la gran presencia y relevancia de la arquitectura industrial y fabril. Poniendo en valor la arqueolog\u00eda industrial como una parte del patrimonio cultural y arquitect\u00f3nico, al ser rehabilitada y reutilizada.&nbsp; Otra [&hellip;]<\/p>","protected":false},"author":1,"featured_media":137,"parent":0,"menu_order":0,"comment_status":"closed","ping_status":"closed","template":"","meta":{"footnotes":""},"_links":{"self":[{"href":"https:\/\/www.fabrikaestudio.com\/de\/wp-json\/wp\/v2\/pages\/617"}],"collection":[{"href":"https:\/\/www.fabrikaestudio.com\/de\/wp-json\/wp\/v2\/pages"}],"about":[{"href":"https:\/\/www.fabrikaestudio.com\/de\/wp-json\/wp\/v2\/types\/page"}],"author":[{"embeddable":true,"href":"https:\/\/www.fabrikaestudio.com\/de\/wp-json\/wp\/v2\/users\/1"}],"replies":[{"embeddable":true,"href":"https:\/\/www.fabrikaestudio.com\/de\/wp-json\/wp\/v2\/comments?post=617"}],"version-history":[{"count":23,"href":"https:\/\/www.fabrikaestudio.com\/de\/wp-json\/wp\/v2\/pages\/617\/revisions"}],"predecessor-version":[{"id":1537,"href":"https:\/\/www.fabrikaestudio.com\/de\/wp-json\/wp\/v2\/pages\/617\/revisions\/1537"}],"wp:featuredmedia":[{"embeddable":true,"href":"https:\/\/www.fabrikaestudio.com\/de\/wp-json\/wp\/v2\/media\/137"}],"wp:attachment":[{"href":"https:\/\/www.fabrikaestudio.com\/de\/wp-json\/wp\/v2\/media?parent=617"}],"curies":[{"name":"wp","href":"https:\/\/api.w.org\/{rel}","templated":true}]}}